{"id":1061,"date":"2025-04-15T11:37:28","date_gmt":"2025-04-15T11:37:28","guid":{"rendered":"http:\/\/chirurgit.cluster015.ovh.net\/?page_id=1061"},"modified":"2025-10-31T16:01:36","modified_gmt":"2025-10-31T16:01:36","slug":"news","status":"publish","type":"page","link":"https:\/\/chirurgie-mininvasive.fr\/en\/news\/","title":{"rendered":"News"},"content":{"rendered":"<div data-elementor-type=\"wp-page\" data-elementor-id=\"1061\" class=\"elementor elementor-1061\">\n\t\t\t\t<div class=\"elementor-element elementor-element-69030f5 e-flex e-con-boxed e-con e-parent\" data-id=\"69030f5\" data-element_type=\"container\">\n\t\t\t\t\t<div class=\"e-con-inner\">\n\t\t\t\t<div class=\"elementor-element elementor-element-df26b7f elementor-widget elementor-widget-heading\" data-id=\"df26b7f\" data-element_type=\"widget\" data-widget_type=\"heading.default\">\n\t\t\t\t<div class=\"elementor-widget-container\">\n\t\t\t\t\t<h1 class=\"elementor-heading-title elementor-size-default\">News<\/h1>\t\t\t\t<\/div>\n\t\t\t\t<\/div>\n\t\t\t\t\t<\/div>\n\t\t\t\t<\/div>\n\t\t<div class=\"elementor-element elementor-element-e01154a e-flex e-con-boxed e-con e-parent\" data-id=\"e01154a\" data-element_type=\"container\">\n\t\t\t\t\t<div class=\"e-con-inner\">\n\t\t\t\t<div class=\"elementor-element elementor-element-1c7bf4c elementor-grid-eael-col-3 elementor-grid-tablet-eael-col-2 elementor-grid-mobile-eael-col-1 elementor-widget elementor-widget-eael-post-grid\" data-id=\"1c7bf4c\" data-element_type=\"widget\" data-settings=\"{&quot;eael_post_grid_columns&quot;:&quot;eael-col-3&quot;,&quot;eael_post_grid_columns_tablet&quot;:&quot;eael-col-2&quot;,&quot;eael_post_grid_columns_mobile&quot;:&quot;eael-col-1&quot;}\" data-widget_type=\"eael-post-grid.default\">\n\t\t\t\t<div class=\"elementor-widget-container\">\n\t\t\t\t\t<div id=\"eael-post-grid-1c7bf4c\" class=\"eael-post-grid-container\">\n            <div class=\"eael-post-grid eael-post-appender eael-post-appender-1c7bf4c eael-post-grid-style-three\" data-layout-mode=\"masonry\"><article class=\"eael-grid-post eael-post-grid-column\" data-id=\"2290\">\n        <div class=\"eael-grid-post-holder\">\n            <div class=\"eael-grid-post-holder-inner\"><div class=\"eael-entry-media\"><div class=\"eael-entry-overlay fade-in\"><i class=\"fas fa-arrow-right\" aria-hidden=\"true\"><\/i><a href=\"https:\/\/chirurgie-mininvasive.fr\/en\/hopital-antoine-beclere-classe-1er-en-france-en-chirurgie-bariatrique\/\"><\/a><\/div><div class=\"eael-entry-thumbnail\">\n                 <img decoding=\"async\" width=\"300\" height=\"120\" src=\"https:\/\/chirurgie-mininvasive.fr\/wp-content\/uploads\/2025\/12\/header-news-image-300x120.png\" class=\"attachment-medium size-medium wp-image-2289\" alt=\"\" srcset=\"https:\/\/chirurgie-mininvasive.fr\/wp-content\/uploads\/2025\/12\/header-news-image-300x120.png 300w, https:\/\/chirurgie-mininvasive.fr\/wp-content\/uploads\/2025\/12\/header-news-image-18x7.png 18w, https:\/\/chirurgie-mininvasive.fr\/wp-content\/uploads\/2025\/12\/header-news-image.png 660w\" sizes=\"(max-width: 300px) 100vw, 300px\" \/>\n             <\/div>\n        <\/div><div class=\"eael-entry-wrapper\"><header class=\"eael-entry-header\"><h3 class=\"eael-entry-title\"><a class=\"eael-grid-post-link\" href=\"https:\/\/chirurgie-mininvasive.fr\/en\/hopital-antoine-beclere-classe-1er-en-france-en-chirurgie-bariatrique\/\" title=\"Antoine-B\u00e9cl\u00e8re Hospital ranked 1st in France for bariatric surgery\">Antoine-B\u00e9cl\u00e8re Hospital ranked 1st in France for bariatric surgery<\/a><\/h3><\/header><div class=\"eael-entry-meta\"><span class=\"eael-posted-on\"><time datetime=\"December 12, 2025\">December 12, 2025<\/time><\/span><\/div><div class=\"eael-entry-content\">\n                        <div class=\"eael-grid-post-excerpt\"><p>Nous sommes fiers d\u2019annoncer que notre service de Chirurgie Digestive...<\/p><a href=\"https:\/\/chirurgie-mininvasive.fr\/en\/hopital-antoine-beclere-classe-1er-en-france-en-chirurgie-bariatrique\/\" class=\"eael-post-elements-readmore-btn\">Learn More<\/a><\/div>\n                    <\/div><\/div><\/div>\n        <\/div>\n    <\/article><article class=\"eael-grid-post eael-post-grid-column\" data-id=\"2355\">\n        <div class=\"eael-grid-post-holder\">\n            <div class=\"eael-grid-post-holder-inner\"><div class=\"eael-entry-wrapper\"><header class=\"eael-entry-header\"><h3 class=\"eael-entry-title\"><a class=\"eael-grid-post-link\" href=\"https:\/\/chirurgie-mininvasive.fr\/en\/11%e1%b5%89-journee-regionale-de-lobesite-le-professeur-dagher-presente-les-avancees-de-la-chirurgie-bariatrique-minimale-invasive\/\" title=\"11th Regional Obesity Day: Professor Dagher Presents Advances in Minimally Invasive Bariatric Surgery\">11th Regional Obesity Day: Professor Dagher Presents Advances in Minimally Invasive Bariatric Surgery<\/a><\/h3><\/header><div class=\"eael-entry-meta\"><span class=\"eael-posted-on\"><time datetime=\"October 22, 2025\">October 22, 2025<\/time><\/span><\/div><div class=\"eael-entry-content\">\n                        <div class=\"eael-grid-post-excerpt\"><p>Le Professeur Dagher est intervenu&nbsp;lors de la 11\u1d49Journ\u00e9e R\u00e9gionalede l\u2019Ob\u00e9sit\u00e9...<\/p><a href=\"https:\/\/chirurgie-mininvasive.fr\/en\/11%e1%b5%89-journee-regionale-de-lobesite-le-professeur-dagher-presente-les-avancees-de-la-chirurgie-bariatrique-minimale-invasive\/\" class=\"eael-post-elements-readmore-btn\">Learn More<\/a><\/div>\n                    <\/div><\/div><\/div>\n        <\/div>\n    <\/article><article class=\"eael-grid-post eael-post-grid-column\" data-id=\"2064\">\n        <div class=\"eael-grid-post-holder\">\n            <div class=\"eael-grid-post-holder-inner\"><div class=\"eael-entry-media\"><div class=\"eael-entry-overlay fade-in\"><i class=\"fas fa-arrow-right\" aria-hidden=\"true\"><\/i><a href=\"https:\/\/chirurgie-mininvasive.fr\/en\/les-7emes-journees-de-chirurgie-digestive-mini-invasive-dantoine-beclere-lexcellence-au-coeur-de-paris\/\"><\/a><\/div><div class=\"eael-entry-thumbnail\">\n                 <img fetchpriority=\"high\" decoding=\"async\" width=\"300\" height=\"169\" src=\"https:\/\/chirurgie-mininvasive.fr\/wp-content\/uploads\/2025\/07\/300ad73f-9424-465b-a603-8ec9c5e1516e-300x169.jpeg\" class=\"attachment-medium size-medium wp-image-2066\" alt=\"\" srcset=\"https:\/\/chirurgie-mininvasive.fr\/wp-content\/uploads\/2025\/07\/300ad73f-9424-465b-a603-8ec9c5e1516e-300x169.jpeg 300w, https:\/\/chirurgie-mininvasive.fr\/wp-content\/uploads\/2025\/07\/300ad73f-9424-465b-a603-8ec9c5e1516e-1024x577.jpeg 1024w, https:\/\/chirurgie-mininvasive.fr\/wp-content\/uploads\/2025\/07\/300ad73f-9424-465b-a603-8ec9c5e1516e-768x433.jpeg 768w, https:\/\/chirurgie-mininvasive.fr\/wp-content\/uploads\/2025\/07\/300ad73f-9424-465b-a603-8ec9c5e1516e-1536x866.jpeg 1536w, https:\/\/chirurgie-mininvasive.fr\/wp-content\/uploads\/2025\/07\/300ad73f-9424-465b-a603-8ec9c5e1516e-18x10.jpeg 18w, https:\/\/chirurgie-mininvasive.fr\/wp-content\/uploads\/2025\/07\/300ad73f-9424-465b-a603-8ec9c5e1516e.jpeg 2048w\" sizes=\"(max-width: 300px) 100vw, 300px\" \/>\n             <\/div>\n        <\/div><div class=\"eael-entry-wrapper\"><header class=\"eael-entry-header\"><h3 class=\"eael-entry-title\"><a class=\"eael-grid-post-link\" href=\"https:\/\/chirurgie-mininvasive.fr\/en\/les-7emes-journees-de-chirurgie-digestive-mini-invasive-dantoine-beclere-lexcellence-au-coeur-de-paris\/\" title=\"7th Antoine B\u00e9cl\u00e8re Days of Minimally Invasive Digestive Surgery: Excellence at the Heart of Paris\">7th Antoine B\u00e9cl\u00e8re Days of Minimally Invasive Digestive Surgery: Excellence at the Heart of Paris<\/a><\/h3><\/header><div class=\"eael-entry-meta\"><span class=\"eael-posted-on\"><time datetime=\"July 16, 2025\">July 16, 2025<\/time><\/span><\/div><div class=\"eael-entry-content\">\n                        <div class=\"eael-grid-post-excerpt\"><p>Les 20 et 21 juin 2025, les \u00e9quipes expertes de...<\/p><a href=\"https:\/\/chirurgie-mininvasive.fr\/en\/les-7emes-journees-de-chirurgie-digestive-mini-invasive-dantoine-beclere-lexcellence-au-coeur-de-paris\/\" class=\"eael-post-elements-readmore-btn\">Learn More<\/a><\/div>\n                    <\/div><\/div><\/div>\n        <\/div>\n    <\/article><article class=\"eael-grid-post eael-post-grid-column\" data-id=\"1229\">\n        <div class=\"eael-grid-post-holder\">\n            <div class=\"eael-grid-post-holder-inner\"><div class=\"eael-entry-media\"><div class=\"eael-entry-overlay fade-in\"><i class=\"fas fa-arrow-right\" aria-hidden=\"true\"><\/i><a href=\"https:\/\/chirurgie-mininvasive.fr\/en\/7e-journees-antoine-beclere-de-chirurgie-digestive-mini-invasive\/\"><\/a><\/div><div class=\"eael-entry-thumbnail\">\n                 <img decoding=\"async\" width=\"300\" height=\"180\" src=\"https:\/\/chirurgie-mininvasive.fr\/wp-content\/uploads\/2025\/04\/blog1-300x180.png\" class=\"attachment-medium size-medium wp-image-1231\" alt=\"\" srcset=\"https:\/\/chirurgie-mininvasive.fr\/wp-content\/uploads\/2025\/04\/blog1-300x180.png 300w, https:\/\/chirurgie-mininvasive.fr\/wp-content\/uploads\/2025\/04\/blog1-1024x614.png 1024w, https:\/\/chirurgie-mininvasive.fr\/wp-content\/uploads\/2025\/04\/blog1-768x461.png 768w, https:\/\/chirurgie-mininvasive.fr\/wp-content\/uploads\/2025\/04\/blog1-1536x921.png 1536w, https:\/\/chirurgie-mininvasive.fr\/wp-content\/uploads\/2025\/04\/blog1-2048x1229.png 2048w\" sizes=\"(max-width: 300px) 100vw, 300px\" \/>\n             <\/div>\n        <\/div><div class=\"eael-entry-wrapper\"><header class=\"eael-entry-header\"><h3 class=\"eael-entry-title\"><a class=\"eael-grid-post-link\" href=\"https:\/\/chirurgie-mininvasive.fr\/en\/7e-journees-antoine-beclere-de-chirurgie-digestive-mini-invasive\/\" title=\"7th Antoine-B\u00e9cl\u00e8re Days of Minimally Invasive Digestive Surgery\">7th Antoine-B\u00e9cl\u00e8re Days of Minimally Invasive Digestive Surgery<\/a><\/h3><\/header><div class=\"eael-entry-meta\"><span class=\"eael-posted-on\"><time datetime=\"April 24, 2025\">April 24, 2025<\/time><\/span><\/div><div class=\"eael-entry-content\">\n                        <div class=\"eael-grid-post-excerpt\"><p>Le Service de Chirurgie Digestive Mini-Invasive&nbsp;a le&nbsp;plaisir d\u2019annoncer&nbsp;les&nbsp;7e Journ\u00e9es Antoine-B\u00e9cl\u00e8re...<\/p><a href=\"https:\/\/chirurgie-mininvasive.fr\/en\/7e-journees-antoine-beclere-de-chirurgie-digestive-mini-invasive\/\" class=\"eael-post-elements-readmore-btn\">Learn More<\/a><\/div>\n                    <\/div><\/div><\/div>\n        <\/div>\n    <\/article><article class=\"eael-grid-post eael-post-grid-column\" data-id=\"1232\">\n        <div class=\"eael-grid-post-holder\">\n            <div class=\"eael-grid-post-holder-inner\"><div class=\"eael-entry-media\"><div class=\"eael-entry-overlay fade-in\"><i class=\"fas fa-arrow-right\" aria-hidden=\"true\"><\/i><a href=\"https:\/\/chirurgie-mininvasive.fr\/en\/diplome-universitaire-de-laparoscopie-avancee\/\"><\/a><\/div><div class=\"eael-entry-thumbnail\">\n                 <img loading=\"lazy\" decoding=\"async\" width=\"300\" height=\"180\" src=\"https:\/\/chirurgie-mininvasive.fr\/wp-content\/uploads\/2025\/04\/blog-image-300x180.png\" class=\"attachment-medium size-medium wp-image-1234\" alt=\"\" srcset=\"https:\/\/chirurgie-mininvasive.fr\/wp-content\/uploads\/2025\/04\/blog-image-300x180.png 300w, https:\/\/chirurgie-mininvasive.fr\/wp-content\/uploads\/2025\/04\/blog-image-1024x614.png 1024w, https:\/\/chirurgie-mininvasive.fr\/wp-content\/uploads\/2025\/04\/blog-image-768x461.png 768w, https:\/\/chirurgie-mininvasive.fr\/wp-content\/uploads\/2025\/04\/blog-image-1536x922.png 1536w, https:\/\/chirurgie-mininvasive.fr\/wp-content\/uploads\/2025\/04\/blog-image.png 1700w\" sizes=\"(max-width: 300px) 100vw, 300px\" \/>\n             <\/div>\n        <\/div><div class=\"eael-entry-wrapper\"><header class=\"eael-entry-header\"><h3 class=\"eael-entry-title\"><a class=\"eael-grid-post-link\" href=\"https:\/\/chirurgie-mininvasive.fr\/en\/diplome-universitaire-de-laparoscopie-avancee\/\" title=\"Advanced Laparoscopic Surgery University Diploma\">Advanced Laparoscopic Surgery University Diploma<\/a><\/h3><\/header><div class=\"eael-entry-meta\"><span class=\"eael-posted-on\"><time datetime=\"January 10, 2025\">January 10, 2025<\/time><\/span><\/div><div class=\"eael-entry-content\">\n                        <div class=\"eael-grid-post-excerpt\"><p>Les&nbsp;inscriptionssontouvertes pour l\u2019\u00e9dition 2025 du&nbsp;Dipl\u00f4meUniversitaire de Laparoscopie Avanc\u00e9e&nbsp;propos\u00e9 par l\u2019Universit\u00e9...<\/p><a href=\"https:\/\/chirurgie-mininvasive.fr\/en\/diplome-universitaire-de-laparoscopie-avancee\/\" class=\"eael-post-elements-readmore-btn\">Learn More<\/a><\/div>\n                    <\/div><\/div><\/div>\n        <\/div>\n    <\/article><\/div>\n            <div class=\"clearfix\"><\/div>\n        <\/div>\t\t\t\t<\/div>\n\t\t\t\t<\/div>\n\t\t\t\t\t<\/div>\n\t\t\t\t<\/div>\n\t\t\t\t<\/div>","protected":false},"excerpt":{"rendered":"<p>News Les 7\u00e8mes Journ\u00e9es de Chirurgie Digestive Mini-Invasive d\u2019Antoine B\u00e9cl\u00e8re : L\u2019excellence au c\u0153ur de Paris July 16, 2025 Les 20 et 21 juin 2025, les \u00e9quipes expertes de&#8230; En savoir plus 7e Journ\u00e9es Antoine-B\u00e9cl\u00e8re de Chirurgie Digestive Mini-Invasive April 24, 2025 Le Service de Chirurgie Digestive Mini-Invasive&nbsp;a le&nbsp;plaisir d\u2019annoncer&nbsp;les&nbsp;7e Journ\u00e9es Antoine-B\u00e9cl\u00e8re&#8230; En savoir plus [&hellip;]<\/p>","protected":false},"author":1,"featured_media":0,"parent":0,"menu_order":0,"comment_status":"closed","ping_status":"closed","template":"","meta":{"site-sidebar-layout":"no-sidebar","site-content-layout":"page-builder","ast-site-content-layout":"full-width-container","site-content-style":"default","site-sidebar-style":"default","ast-global-header-display":"","ast-banner-title-visibility":"","ast-main-header-display":"","ast-hfb-above-header-display":"","ast-hfb-below-header-display":"","ast-hfb-mobile-header-display":"","site-post-title":"disabled","ast-breadcrumbs-content":"","ast-featured-img":"disabled","footer-sml-layout":"","theme-transparent-header-meta":"","adv-header-id-meta":"","stick-header-meta":"","header-above-stick-meta":"","header-main-stick-meta":"","header-below-stick-meta":"","astra-migrate-meta-layouts":"set","ast-page-background-enabled":"default","ast-page-background-meta":{"desktop":{"background-color":"","background-image":"","background-repeat":"repeat","background-position":"center center","background-size":"auto","background-attachment":"scroll","background-type":"","background-media":"","overlay-type":"","overlay-color":"","overlay-opacity":"","overlay-gradient":""},"tablet":{"background-color":"","background-image":"","background-repeat":"repeat","background-position":"center center","background-size":"auto","background-attachment":"scroll","background-type":"","background-media":"","overlay-type":"","overlay-color":"","overlay-opacity":"","overlay-gradient":""},"mobile":{"background-color":"","background-image":"","background-repeat":"repeat","background-position":"center center","background-size":"auto","background-attachment":"scroll","background-type":"","background-media":"","overlay-type":"","overlay-color":"","overlay-opacity":"","overlay-gradient":""}},"ast-content-background-meta":{"desktop":{"background-color":"var(--ast-global-color-5)","background-image":"","background-repeat":"repeat","background-position":"center center","background-size":"auto","background-attachment":"scroll","background-type":"","background-media":"","overlay-type":"","overlay-color":"","overlay-opacity":"","overlay-gradient":""},"tablet":{"background-color":"var(--ast-global-color-5)","background-image":"","background-repeat":"repeat","background-position":"center center","background-size":"auto","background-attachment":"scroll","background-type":"","background-media":"","overlay-type":"","overlay-color":"","overlay-opacity":"","overlay-gradient":""},"mobile":{"background-color":"var(--ast-global-color-5)","background-image":"","background-repeat":"repeat","background-position":"center center","background-size":"auto","background-attachment":"scroll","background-type":"","background-media":"","overlay-type":"","overlay-color":"","overlay-opacity":"","overlay-gradient":""}},"footnotes":""},"class_list":["post-1061","page","type-page","status-publish","hentry"],"_links":{"self":[{"href":"https:\/\/chirurgie-mininvasive.fr\/en\/wp-json\/wp\/v2\/pages\/1061","targetHints":{"allow":["GET"]}}],"collection":[{"href":"https:\/\/chirurgie-mininvasive.fr\/en\/wp-json\/wp\/v2\/pages"}],"about":[{"href":"https:\/\/chirurgie-mininvasive.fr\/en\/wp-json\/wp\/v2\/types\/page"}],"author":[{"embeddable":true,"href":"https:\/\/chirurgie-mininvasive.fr\/en\/wp-json\/wp\/v2\/users\/1"}],"replies":[{"embeddable":true,"href":"https:\/\/chirurgie-mininvasive.fr\/en\/wp-json\/wp\/v2\/comments?post=1061"}],"version-history":[{"count":29,"href":"https:\/\/chirurgie-mininvasive.fr\/en\/wp-json\/wp\/v2\/pages\/1061\/revisions"}],"predecessor-version":[{"id":2278,"href":"https:\/\/chirurgie-mininvasive.fr\/en\/wp-json\/wp\/v2\/pages\/1061\/revisions\/2278"}],"wp:attachment":[{"href":"https:\/\/chirurgie-mininvasive.fr\/en\/wp-json\/wp\/v2\/media?parent=1061"}],"curies":[{"name":"wp","href":"https:\/\/api.w.org\/{rel}","templated":true}]}}